{"id":800,"date":"2015-08-25T14:26:15","date_gmt":"2015-08-25T14:26:15","guid":{"rendered":"https:\/\/www.clarsystem.pl\/?page_id=800"},"modified":"2017-03-27T21:52:02","modified_gmt":"2017-03-27T20:52:02","slug":"office-in-lodz","status":"publish","type":"page","link":"https:\/\/www.clarsystem.pl\/en\/office-in-lodz\/","title":{"rendered":"Office in \u0141\u00f3d\u017a"},"content":{"rendered":"<div class='wysiwyg'><div style=\"text-align: justify;\">\n<p>We also offer a full range of FM services in \u0141\u00f3d\u017a. You are most welcome to browse our offer for multiple services.<\/p>\n<ul>\n<li>cleaning (including offices, hospital hygiene, specialized services),<\/li>\n<li>property security services,<\/li>\n<li>technical administration of facilities,<\/li>\n<li>employee leasing.<\/li>\n<\/ul>\n<p>We would like to welcome you to our office in \u0141\u00f3d\u017a. Our company stands for years of experience and many satisfied customers. Our company was founded to optimize your work and company operations, we guarantee the best services. The experience and know-how of our employees guarantees high quality hospital hygiene and savings for the healthcare institution.<br \/>\nOur solutions also offer licensed security professionals as well as a protection and supervision package of services. Their know-how allows you a sound sleep at night. We are able to secure any facility!<\/p>\n<\/div>\n<\/div>","protected":false},"excerpt":{"rendered":"<p>We also offer a full range of FM services in \u0141\u00f3d\u017a. You are most welcome to browse our offer for multiple services. cleaning (including offices, hospital hygiene, specialized services), property&#8230;<\/p>\n","protected":false},"author":10,"featured_media":0,"parent":0,"menu_order":56,"comment_status":"open","ping_status":"open","template":"oddzial.php","meta":{"_acf_changed":false,"footnotes":""},"class_list":["post-800","page","type-page","status-publish","hentry"],"acf":[],"yoast_head":"<!-- This site is optimized with the Yoast SEO plugin v27.3 - https:\/\/yoast.com\/product\/yoast-seo-wordpress\/ -->\n<title>Office in \u0141\u00f3d\u017a -<\/title>\n<meta name=\"description\" content=\"Clar System poleca - Office in \u0141\u00f3d\u017a \u2714 Profesjonalne us\u0142ugi porz\u0105dkowe dla firm \u2714 Sprawd\u017a!\" \/>\n<meta name=\"robots\" content=\"index, follow, max-snippet:-1, max-image-preview:large, max-video-preview:-1\" \/>\n<link rel=\"canonical\" href=\"http:\/\/www.clarsystem.pl\/en\/office-in-lodz\/\" \/>\n<meta property=\"og:locale\" content=\"en_US\" \/>\n<meta property=\"og:type\" content=\"article\" \/>\n<meta property=\"og:title\" content=\"Office in \u0141\u00f3d\u017a -\" \/>\n<meta property=\"og:description\" content=\"Clar System poleca - Office in \u0141\u00f3d\u017a \u2714 Profesjonalne us\u0142ugi porz\u0105dkowe dla firm \u2714 Sprawd\u017a!\" \/>\n<meta property=\"og:url\" content=\"http:\/\/www.clarsystem.pl\/en\/office-in-lodz\/\" \/>\n<meta property=\"article:modified_time\" content=\"2017-03-27T20:52:02+00:00\" \/>\n<meta name=\"twitter:card\" content=\"summary_large_image\" \/>\n<meta name=\"twitter:label1\" content=\"Est. reading time\" \/>\n\t<meta name=\"twitter:data1\" content=\"1 minute\" \/>\n<script type=\"application\/ld+json\" class=\"yoast-schema-graph\">{\"@context\":\"https:\\\/\\\/schema.org\",\"@graph\":[{\"@type\":\"WebPage\",\"@id\":\"http:\\\/\\\/www.clarsystem.pl\\\/en\\\/office-in-lodz\\\/\",\"url\":\"http:\\\/\\\/www.clarsystem.pl\\\/en\\\/office-in-lodz\\\/\",\"name\":\"Office in \u0141\u00f3d\u017a -\",\"isPartOf\":{\"@id\":\"http:\\\/\\\/www.clarsystem.pl\\\/en\\\/#website\"},\"datePublished\":\"2015-08-25T14:26:15+00:00\",\"dateModified\":\"2017-03-27T20:52:02+00:00\",\"description\":\"Clar System poleca - Office in \u0141\u00f3d\u017a \u2714 Profesjonalne us\u0142ugi porz\u0105dkowe dla firm \u2714 Sprawd\u017a!\",\"breadcrumb\":{\"@id\":\"http:\\\/\\\/www.clarsystem.pl\\\/en\\\/office-in-lodz\\\/#breadcrumb\"},\"inLanguage\":\"en-US\",\"potentialAction\":[{\"@type\":\"ReadAction\",\"target\":[\"http:\\\/\\\/www.clarsystem.pl\\\/en\\\/office-in-lodz\\\/\"]}]},{\"@type\":\"BreadcrumbList\",\"@id\":\"http:\\\/\\\/www.clarsystem.pl\\\/en\\\/office-in-lodz\\\/#breadcrumb\",\"itemListElement\":[{\"@type\":\"ListItem\",\"position\":1,\"name\":\"Home\",\"item\":\"http:\\\/\\\/www.clarsystem.pl\\\/en\\\/\"},{\"@type\":\"ListItem\",\"position\":2,\"name\":\"Office in \u0141\u00f3d\u017a\"}]},{\"@type\":\"WebSite\",\"@id\":\"http:\\\/\\\/www.clarsystem.pl\\\/en\\\/#website\",\"url\":\"http:\\\/\\\/www.clarsystem.pl\\\/en\\\/\",\"name\":\"\",\"description\":\"\",\"potentialAction\":[{\"@type\":\"SearchAction\",\"target\":{\"@type\":\"EntryPoint\",\"urlTemplate\":\"http:\\\/\\\/www.clarsystem.pl\\\/en\\\/?s={search_term_string}\"},\"query-input\":{\"@type\":\"PropertyValueSpecification\",\"valueRequired\":true,\"valueName\":\"search_term_string\"}}],\"inLanguage\":\"en-US\"}]}<\/script>\n<!-- \/ Yoast SEO plugin. -->","yoast_head_json":{"title":"Office in \u0141\u00f3d\u017a -","description":"Clar System poleca - Office in \u0141\u00f3d\u017a \u2714 Profesjonalne us\u0142ugi porz\u0105dkowe dla firm \u2714 Sprawd\u017a!","robots":{"index":"index","follow":"follow","max-snippet":"max-snippet:-1","max-image-preview":"max-image-preview:large","max-video-preview":"max-video-preview:-1"},"canonical":"http:\/\/www.clarsystem.pl\/en\/office-in-lodz\/","og_locale":"en_US","og_type":"article","og_title":"Office in \u0141\u00f3d\u017a -","og_description":"Clar System poleca - Office in \u0141\u00f3d\u017a \u2714 Profesjonalne us\u0142ugi porz\u0105dkowe dla firm \u2714 Sprawd\u017a!","og_url":"http:\/\/www.clarsystem.pl\/en\/office-in-lodz\/","article_modified_time":"2017-03-27T20:52:02+00:00","twitter_card":"summary_large_image","twitter_misc":{"Est. reading time":"1 minute"},"schema":{"@context":"https:\/\/schema.org","@graph":[{"@type":"WebPage","@id":"http:\/\/www.clarsystem.pl\/en\/office-in-lodz\/","url":"http:\/\/www.clarsystem.pl\/en\/office-in-lodz\/","name":"Office in \u0141\u00f3d\u017a -","isPartOf":{"@id":"http:\/\/www.clarsystem.pl\/en\/#website"},"datePublished":"2015-08-25T14:26:15+00:00","dateModified":"2017-03-27T20:52:02+00:00","description":"Clar System poleca - Office in \u0141\u00f3d\u017a \u2714 Profesjonalne us\u0142ugi porz\u0105dkowe dla firm \u2714 Sprawd\u017a!","breadcrumb":{"@id":"http:\/\/www.clarsystem.pl\/en\/office-in-lodz\/#breadcrumb"},"inLanguage":"en-US","potentialAction":[{"@type":"ReadAction","target":["http:\/\/www.clarsystem.pl\/en\/office-in-lodz\/"]}]},{"@type":"BreadcrumbList","@id":"http:\/\/www.clarsystem.pl\/en\/office-in-lodz\/#breadcrumb","itemListElement":[{"@type":"ListItem","position":1,"name":"Home","item":"http:\/\/www.clarsystem.pl\/en\/"},{"@type":"ListItem","position":2,"name":"Office in \u0141\u00f3d\u017a"}]},{"@type":"WebSite","@id":"http:\/\/www.clarsystem.pl\/en\/#website","url":"http:\/\/www.clarsystem.pl\/en\/","name":"","description":"","potentialAction":[{"@type":"SearchAction","target":{"@type":"EntryPoint","urlTemplate":"http:\/\/www.clarsystem.pl\/en\/?s={search_term_string}"},"query-input":{"@type":"PropertyValueSpecification","valueRequired":true,"valueName":"search_term_string"}}],"inLanguage":"en-US"}]}},"_links":{"self":[{"href":"https:\/\/www.clarsystem.pl\/en\/wp-json\/wp\/v2\/pages\/800","targetHints":{"allow":["GET"]}}],"collection":[{"href":"https:\/\/www.clarsystem.pl\/en\/wp-json\/wp\/v2\/pages"}],"about":[{"href":"https:\/\/www.clarsystem.pl\/en\/wp-json\/wp\/v2\/types\/page"}],"author":[{"embeddable":true,"href":"https:\/\/www.clarsystem.pl\/en\/wp-json\/wp\/v2\/users\/10"}],"replies":[{"embeddable":true,"href":"https:\/\/www.clarsystem.pl\/en\/wp-json\/wp\/v2\/comments?post=800"}],"version-history":[{"count":6,"href":"https:\/\/www.clarsystem.pl\/en\/wp-json\/wp\/v2\/pages\/800\/revisions"}],"predecessor-version":[{"id":2101,"href":"https:\/\/www.clarsystem.pl\/en\/wp-json\/wp\/v2\/pages\/800\/revisions\/2101"}],"wp:attachment":[{"href":"https:\/\/www.clarsystem.pl\/en\/wp-json\/wp\/v2\/media?parent=800"}],"curies":[{"name":"wp","href":"https:\/\/api.w.org\/{rel}","templated":true}]}}