{"id":355,"date":"2015-02-11T21:01:58","date_gmt":"2015-02-11T21:01:58","guid":{"rendered":"http:\/\/ab-pl.testverze.cz\/?page_id=355"},"modified":"2017-03-27T21:53:01","modified_gmt":"2017-03-27T20:53:01","slug":"contacts-2","status":"publish","type":"page","link":"https:\/\/www.clarsystem.pl\/en\/contacts-2\/","title":{"rendered":"Contact"},"content":{"rendered":"<div class='wysiwyg'><div class=\"kontakt\">\n<p><strong>Grupa Kapita\u0142owa CLAR SYSTEM<br \/>\n<\/strong>60-542 Pozna\u0144,<br \/>\nul. Janickiego 20 B,<br \/>\ntel. (061) 66 01 100,<br \/>\nfax (061) 62 20 622,<br \/>\n<a style=\"color: #006699;\" href=\"mailto:clarsystem@clarsystem.pl\">clarsystem@clarsystem.pl<\/a><\/p>\n<\/div>\n<div class=\"kontakt\">\n<p><strong>Oddzia\u0142 Szczecin<br \/>\n<\/strong>ul. Jagiello\u0144ska 97<br \/>\n70-435 Szczecin<br \/>\ntel. kom. +48 604 430 372<\/p>\n<\/div>\n<div class=\"kontakt last\">\n<p><strong>Oddzia\u0142 Gorz\u00f3w Wlkp.<br \/>\n<\/strong>ul. Kombatant\u00f3w 34<br \/>\n66-400 Gorz\u00f3w Wlkp.<br \/>\ntel.\/fax: +48 (95) 725 82 68<\/p>\n<\/div>\n<div class=\"kontakt\">\n<p><strong>Oddzia\u0142 Gniezno<br \/>\n<\/strong>ul.Artyleryjska 1<br \/>\n62-200 Gniezno<br \/>\ntel.kom.694 473 497<\/p>\n<\/div>\n<div class=\"kontakt\">\n<p><strong>Oddzia\u0142 Bydgoszcz<br \/>\n<\/strong>ul.\u00a0Przemys\u0142owa 8<br \/>\n85-758 Bydgoszcz<br \/>\ntel.\/fax: +48 (52) 347 30 68<\/p>\n<\/div>\n<div class=\"kontakt last\">\n<p><strong>Oddzia\u0142 Wroc\u0142aw<br \/>\n<\/strong>Plac Solidarno\u015bci 1\/3\/5 pok 424<br \/>\n53-661 Wroc\u0142aw<br \/>\ntel. 694 467 111<\/p>\n<p><strong>Oddzia\u0142 Opole<br \/>\n<\/strong>ul. Ozimska 48, I pi\u0119tro pok. 32<br \/>\n45-368 Opole<br \/>\ntel. 660-567-187<\/p>\n<\/div>\n<div class=\"kontakt\">\n<p><strong>Oddzia\u0142 \u0141\u00f3d\u017a<br \/>\n<\/strong>ul. Gda\u0144ska 91\/93 budynek E<br \/>\n90-613 \u0141\u00f3d\u017a<br \/>\ntel.\/fax: +48 (42) 256 87 31<\/p>\n<\/div>\n<div class=\"kontakt\">\n<p><strong>Oddzia\u0142 Katowice<br \/>\n<\/strong>ul. Modelarska 12<br \/>\n40-142 Katowice<br \/>\ntel.\/fax: +48 (32) 730 50 50<\/p>\n<\/div>\n<div class=\"kontakt last\">\n<p><strong>Oddzia\u0142 Warszawa<br \/>\n<\/strong>ul. Czerniakowska 71 pok.115<br \/>\n00-718 Warszawa<br \/>\ntel. 694 467 149<\/p>\n<p><strong>Oddzia\u0142 Bia\u0142ystok<br \/>\n<\/strong>ul. Zwyci\u0119stwa 8\/215<br \/>\n15-703 Bia\u0142ystok<br \/>\ntel. 604-782-035<\/p>\n<\/div>\n<div class=\"kontakt\">\n<p><strong>Oddzia\u0142 Lublin<br \/>\n<\/strong>ul. Wojciechowska 5a\/35<br \/>\n20-704 Lublin<br \/>\ntel. 506 390 442<\/p>\n<\/div>\n<div class=\"kontakt\">\n<p><strong>Oddzia\u0142 Krak\u00f3w<br \/>\n<\/strong>ul. Bajana 4<br \/>\n31-465 Krak\u00f3w<br \/>\ntel. +48 (12) 340 92 87<br \/>\ntel. +48 (12) 340 92 88<\/p>\n<\/div>\n<p>&nbsp;<\/p>\n<\/div>","protected":false},"excerpt":{"rendered":"<p>Grupa Kapita\u0142owa CLAR SYSTEM 60-542 Pozna\u0144, ul. Janickiego 20 B, tel. (061) 66 01 100, fax (061) 62 20 622, clarsystem@clarsystem.pl Oddzia\u0142 Szczecin ul. Jagiello\u0144ska 97 70-435 Szczecin tel. kom&#8230;.<\/p>\n","protected":false},"author":10,"featured_media":0,"parent":0,"menu_order":27,"comment_status":"open","ping_status":"closed","template":"","meta":{"_acf_changed":false,"footnotes":""},"class_list":["post-355","page","type-page","status-publish","hentry"],"acf":[],"yoast_head":"<!-- This site is optimized with the Yoast SEO plugin v27.5 - https:\/\/yoast.com\/product\/yoast-seo-wordpress\/ -->\n<title>Contact -<\/title>\n<meta name=\"description\" content=\"Clar System poleca - Contact \u2714 Profesjonalne us\u0142ugi porz\u0105dkowe dla firm \u2714 Sprawd\u017a!\" \/>\n<meta name=\"robots\" content=\"index, follow, max-snippet:-1, max-image-preview:large, max-video-preview:-1\" \/>\n<link rel=\"canonical\" href=\"https:\/\/www.clarsystem.pl\/kontakt-3\/\" \/>\n<meta property=\"og:locale\" content=\"en_US\" \/>\n<meta property=\"og:type\" content=\"article\" \/>\n<meta property=\"og:title\" content=\"Contact -\" \/>\n<meta property=\"og:description\" content=\"Clar System poleca - Contact \u2714 Profesjonalne us\u0142ugi porz\u0105dkowe dla firm \u2714 Sprawd\u017a!\" \/>\n<meta property=\"og:url\" content=\"https:\/\/www.clarsystem.pl\/kontakt-3\/\" \/>\n<meta property=\"article:modified_time\" content=\"2017-03-27T20:53:01+00:00\" \/>\n<meta name=\"twitter:card\" content=\"summary_large_image\" \/>\n<meta name=\"twitter:label1\" content=\"Est. reading time\" \/>\n\t<meta name=\"twitter:data1\" content=\"1 minute\" \/>\n<script type=\"application\/ld+json\" class=\"yoast-schema-graph\">{\"@context\":\"https:\\\/\\\/schema.org\",\"@graph\":[{\"@type\":\"WebPage\",\"@id\":\"https:\\\/\\\/www.clarsystem.pl\\\/kontakt-3\\\/\",\"url\":\"https:\\\/\\\/www.clarsystem.pl\\\/kontakt-3\\\/\",\"name\":\"Contact -\",\"isPartOf\":{\"@id\":\"http:\\\/\\\/www.clarsystem.pl\\\/en\\\/#website\"},\"datePublished\":\"2015-02-11T21:01:58+00:00\",\"dateModified\":\"2017-03-27T20:53:01+00:00\",\"description\":\"Clar System poleca - Contact \u2714 Profesjonalne us\u0142ugi porz\u0105dkowe dla firm \u2714 Sprawd\u017a!\",\"breadcrumb\":{\"@id\":\"https:\\\/\\\/www.clarsystem.pl\\\/kontakt-3\\\/#breadcrumb\"},\"inLanguage\":\"en-US\",\"potentialAction\":[{\"@type\":\"ReadAction\",\"target\":[\"https:\\\/\\\/www.clarsystem.pl\\\/kontakt-3\\\/\"]}]},{\"@type\":\"BreadcrumbList\",\"@id\":\"https:\\\/\\\/www.clarsystem.pl\\\/kontakt-3\\\/#breadcrumb\",\"itemListElement\":[{\"@type\":\"ListItem\",\"position\":1,\"name\":\"Home\",\"item\":\"http:\\\/\\\/www.clarsystem.pl\\\/en\\\/\"},{\"@type\":\"ListItem\",\"position\":2,\"name\":\"Contact\"}]},{\"@type\":\"WebSite\",\"@id\":\"http:\\\/\\\/www.clarsystem.pl\\\/en\\\/#website\",\"url\":\"http:\\\/\\\/www.clarsystem.pl\\\/en\\\/\",\"name\":\"\",\"description\":\"\",\"potentialAction\":[{\"@type\":\"SearchAction\",\"target\":{\"@type\":\"EntryPoint\",\"urlTemplate\":\"http:\\\/\\\/www.clarsystem.pl\\\/en\\\/?s={search_term_string}\"},\"query-input\":{\"@type\":\"PropertyValueSpecification\",\"valueRequired\":true,\"valueName\":\"search_term_string\"}}],\"inLanguage\":\"en-US\"}]}<\/script>\n<!-- \/ Yoast SEO plugin. -->","yoast_head_json":{"title":"Contact -","description":"Clar System poleca - Contact \u2714 Profesjonalne us\u0142ugi porz\u0105dkowe dla firm \u2714 Sprawd\u017a!","robots":{"index":"index","follow":"follow","max-snippet":"max-snippet:-1","max-image-preview":"max-image-preview:large","max-video-preview":"max-video-preview:-1"},"canonical":"https:\/\/www.clarsystem.pl\/kontakt-3\/","og_locale":"en_US","og_type":"article","og_title":"Contact -","og_description":"Clar System poleca - Contact \u2714 Profesjonalne us\u0142ugi porz\u0105dkowe dla firm \u2714 Sprawd\u017a!","og_url":"https:\/\/www.clarsystem.pl\/kontakt-3\/","article_modified_time":"2017-03-27T20:53:01+00:00","twitter_card":"summary_large_image","twitter_misc":{"Est. reading time":"1 minute"},"schema":{"@context":"https:\/\/schema.org","@graph":[{"@type":"WebPage","@id":"https:\/\/www.clarsystem.pl\/kontakt-3\/","url":"https:\/\/www.clarsystem.pl\/kontakt-3\/","name":"Contact -","isPartOf":{"@id":"http:\/\/www.clarsystem.pl\/en\/#website"},"datePublished":"2015-02-11T21:01:58+00:00","dateModified":"2017-03-27T20:53:01+00:00","description":"Clar System poleca - Contact \u2714 Profesjonalne us\u0142ugi porz\u0105dkowe dla firm \u2714 Sprawd\u017a!","breadcrumb":{"@id":"https:\/\/www.clarsystem.pl\/kontakt-3\/#breadcrumb"},"inLanguage":"en-US","potentialAction":[{"@type":"ReadAction","target":["https:\/\/www.clarsystem.pl\/kontakt-3\/"]}]},{"@type":"BreadcrumbList","@id":"https:\/\/www.clarsystem.pl\/kontakt-3\/#breadcrumb","itemListElement":[{"@type":"ListItem","position":1,"name":"Home","item":"http:\/\/www.clarsystem.pl\/en\/"},{"@type":"ListItem","position":2,"name":"Contact"}]},{"@type":"WebSite","@id":"http:\/\/www.clarsystem.pl\/en\/#website","url":"http:\/\/www.clarsystem.pl\/en\/","name":"","description":"","potentialAction":[{"@type":"SearchAction","target":{"@type":"EntryPoint","urlTemplate":"http:\/\/www.clarsystem.pl\/en\/?s={search_term_string}"},"query-input":{"@type":"PropertyValueSpecification","valueRequired":true,"valueName":"search_term_string"}}],"inLanguage":"en-US"}]}},"_links":{"self":[{"href":"https:\/\/www.clarsystem.pl\/en\/wp-json\/wp\/v2\/pages\/355","targetHints":{"allow":["GET"]}}],"collection":[{"href":"https:\/\/www.clarsystem.pl\/en\/wp-json\/wp\/v2\/pages"}],"about":[{"href":"https:\/\/www.clarsystem.pl\/en\/wp-json\/wp\/v2\/types\/page"}],"author":[{"embeddable":true,"href":"https:\/\/www.clarsystem.pl\/en\/wp-json\/wp\/v2\/users\/10"}],"replies":[{"embeddable":true,"href":"https:\/\/www.clarsystem.pl\/en\/wp-json\/wp\/v2\/comments?post=355"}],"version-history":[{"count":4,"href":"https:\/\/www.clarsystem.pl\/en\/wp-json\/wp\/v2\/pages\/355\/revisions"}],"predecessor-version":[{"id":550,"href":"https:\/\/www.clarsystem.pl\/en\/wp-json\/wp\/v2\/pages\/355\/revisions\/550"}],"wp:attachment":[{"href":"https:\/\/www.clarsystem.pl\/en\/wp-json\/wp\/v2\/media?parent=355"}],"curies":[{"name":"wp","href":"https:\/\/api.w.org\/{rel}","templated":true}]}}